{"id":28,"date":"2012-02-02T11:22:22","date_gmt":"2012-02-02T11:22:22","guid":{"rendered":"http:\/\/brings-online.com\/demo\/handwerk\/?page_id=28"},"modified":"2018-06-29T12:42:18","modified_gmt":"2018-06-29T11:42:18","slug":"kontakt","status":"publish","type":"page","link":"https:\/\/scheingraber-bau.de\/?page_id=28","title":{"rendered":"Kontakt"},"content":{"rendered":"<p>Unsere Anschrift lautet:<br \/>\nBaugesch\u00e4ft Scheingraber Josef GmbH<br \/>\nHolzham 13 &#8211; Garham<br \/>\n94544 Hofkirchen<\/p>\n<p>Sie k\u00f6nnen uns zu den B\u00fcrozeiten unter folgenden Rufnummern erreichen:<br \/>\nTelefon: +49 8541 8117<br \/>\nHandy: +49 171 6232330<br \/>\nFax: +49\u00a08541 910422<br \/>\nE-Mail:\u00a0<a title=\"info@scheingraber-bau.de\" href=\"mailto:info@scheingraber-bau.de\" target=\"_blank\" rel=\"noopener\">info@scheingraber-bau.de<\/a><\/p>\n<p>Bitte beachten Sie unsere <a href=\"https:\/\/scheingraber-bau.de\/?page_id=242\">Datenschutzerkl\u00e4rung<\/a>.<\/p>\n","protected":false},"excerpt":{"rendered":"<p>Unsere Anschrift lautet: Baugesch\u00e4ft Scheingraber Josef GmbH Holzham 13 &#8211; Garham 94544 Hofkirchen Sie k\u00f6nnen uns zu den B\u00fcrozeiten unter folgenden Rufnummern erreichen: Telefon: +49 8541 8117 Handy: +49 171 6232330 Fax: +49\u00a08541 910422 E-Mail:\u00a0info@scheingraber-bau.de Bitte beachten Sie unsere Datenschutzerkl\u00e4rung.<\/p>\n","protected":false},"author":1,"featured_media":0,"parent":0,"menu_order":0,"comment_status":"open","ping_status":"open","template":"","meta":{"footnotes":""},"class_list":["post-28","page","type-page","status-publish","hentry"],"_links":{"self":[{"href":"https:\/\/scheingraber-bau.de\/index.php?rest_route=\/wp\/v2\/pages\/28","targetHints":{"allow":["GET"]}}],"collection":[{"href":"https:\/\/scheingraber-bau.de\/index.php?rest_route=\/wp\/v2\/pages"}],"about":[{"href":"https:\/\/scheingraber-bau.de\/index.php?rest_route=\/wp\/v2\/types\/page"}],"author":[{"embeddable":true,"href":"https:\/\/scheingraber-bau.de\/index.php?rest_route=\/wp\/v2\/users\/1"}],"replies":[{"embeddable":true,"href":"https:\/\/scheingraber-bau.de\/index.php?rest_route=%2Fwp%2Fv2%2Fcomments&post=28"}],"version-history":[{"count":6,"href":"https:\/\/scheingraber-bau.de\/index.php?rest_route=\/wp\/v2\/pages\/28\/revisions"}],"predecessor-version":[{"id":318,"href":"https:\/\/scheingraber-bau.de\/index.php?rest_route=\/wp\/v2\/pages\/28\/revisions\/318"}],"wp:attachment":[{"href":"https:\/\/scheingraber-bau.de\/index.php?rest_route=%2Fwp%2Fv2%2Fmedia&parent=28"}],"curies":[{"name":"wp","href":"https:\/\/api.w.org\/{rel}","templated":true}]}}